{"id":10358,"date":"2024-10-19T16:38:53","date_gmt":"2024-10-19T15:38:53","guid":{"rendered":"https:\/\/windrose.surf\/de\/?page_id=10358"},"modified":"2024-10-30T10:28:04","modified_gmt":"2024-10-30T09:28:04","slug":"referenzen","status":"publish","type":"page","link":"https:\/\/windrose.surf\/de\/referenzen\/","title":{"rendered":"Referenzen"},"content":{"rendered":"[vc_row type=&#8221;full_width_background&#8221; full_screen_row_position=&#8221;middle&#8221; column_margin=&#8221;none&#8221; column_direction=&#8221;default&#8221; column_direction_tablet=&#8221;default&#8221; column_direction_phone=&#8221;default&#8221; bg_color=&#8221;#9fc5d0&#8243; bg_image=&#8221;1991&#8243; bg_position=&#8221;center center&#8221; background_image_loading=&#8221;skip-lazy-load&#8221; bg_repeat=&#8221;no-repeat&#8221; scene_position=&#8221;center&#8221; top_padding=&#8221;19%&#8221; bottom_padding=&#8221;13%&#8221; top_padding_tablet=&#8221;30%&#8221; constrain_group_3=&#8221;yes&#8221; bottom_padding_tablet=&#8221;30%&#8221; top_padding_phone=&#8221;40%&#8221; constrain_group_5=&#8221;yes&#8221; bottom_padding_phone=&#8221;40%&#8221; text_color=&#8221;custom&#8221; text_align=&#8221;left&#8221; row_border_radius=&#8221;none&#8221; row_border_radius_applies=&#8221;bg&#8221; overflow=&#8221;visible&#8221; enable_gradient=&#8221;true&#8221; overlay_strength=&#8221;0.3&#8243; gradient_direction=&#8221;radial&#8221; shape_divider_color=&#8221;#ffffff&#8221; shape_divider_position=&#8221;bottom&#8221; shape_divider_height=&#8221;45%&#8221; bg_image_animation=&#8221;zoom-out&#8221; parallax_bg=&#8221;true&#8221; parallax_bg_speed=&#8221;fast&#8221; shape_type=&#8221;straight_section&#8221; gradient_type=&#8221;default&#8221;][vc_column column_padding=&#8221;no-extra-padding&#8221; column_padding_tablet=&#8221;inherit&#8221; column_padding_phone=&#8221;inherit&#8221; column_padding_position=&#8221;all&#8221; column_element_direction_desktop=&#8221;default&#8221; column_element_spacing=&#8221;0px&#8221; desktop_text_alignment=&#8221;default&#8221; tablet_text_alignment=&#8221;default&#8221; phone_text_alignment=&#8221;center&#8221; background_color_opacity=&#8221;1&#8243; background_hover_color_opacity=&#8221;1&#8243; column_backdrop_filter=&#8221;none&#8221; column_shadow=&#8221;none&#8221; column_border_radius=&#8221;none&#8221; column_link_target=&#8221;_self&#8221; column_position=&#8221;default&#8221; gradient_direction=&#8221;radial&#8221; overlay_strength=&#8221;0.3&#8243; width=&#8221;1\/1&#8243; tablet_width_inherit=&#8221;default&#8221; animation_type=&#8221;default&#8221; bg_image_animation=&#8221;zoom-out-reveal&#8221; parallax_bg=&#8221;true&#8221; parallax_bg_speed=&#8221;fast&#8221; border_type=&#8221;simple&#8221; column_border_width=&#8221;none&#8221; column_border_style=&#8221;solid&#8221;][vc_row_inner column_margin=&#8221;default&#8221; column_direction=&#8221;default&#8221; column_direction_tablet=&#8221;default&#8221; column_direction_phone=&#8221;default&#8221; text_align=&#8221;left&#8221; row_position=&#8221;default&#8221; row_position_tablet=&#8221;inherit&#8221; row_position_phone=&#8221;inherit&#8221; zindex=&#8221;20&#8243; overflow=&#8221;visible&#8221; pointer_events=&#8221;all&#8221;][vc_column_inner column_padding=&#8221;no-extra-padding&#8221; column_padding_tablet=&#8221;inherit&#8221; column_padding_phone=&#8221;inherit&#8221; column_padding_position=&#8221;all&#8221; column_element_direction_desktop=&#8221;default&#8221; column_element_spacing=&#8221;0px&#8221; desktop_text_alignment=&#8221;default&#8221; tablet_text_alignment=&#8221;default&#8221; phone_text_alignment=&#8221;default&#8221; background_color_opacity=&#8221;1&#8243; background_hover_color_opacity=&#8221;1&#8243; column_backdrop_filter=&#8221;none&#8221; font_color=&#8221;#ffffff&#8221; column_shadow=&#8221;none&#8221; column_border_radius=&#8221;none&#8221; column_link_target=&#8221;_self&#8221; overflow=&#8221;visible&#8221; gradient_direction=&#8221;left_to_right&#8221; overlay_strength=&#8221;0.3&#8243; width=&#8221;1\/1&#8243; tablet_width_inherit=&#8221;default&#8221; animation_type=&#8221;default&#8221; bg_image_animation=&#8221;none&#8221; border_type=&#8221;simple&#8221; column_border_width=&#8221;none&#8221; column_border_style=&#8221;solid&#8221;][split_line_heading animation_type=&#8221;line-reveal-by-space&#8221; font_style=&#8221;h1&#8243; line_reveal_by_space_text_effect=&#8221;default&#8221; stagger_animation=&#8221;true&#8221; content_alignment=&#8221;default&#8221; mobile_content_alignment=&#8221;inherit&#8221; link_target=&#8221;_self&#8221; text_content=&#8221;Benutzereindr\u00fccke&#8221; font_size=&#8221;10vh&#8221; animation_delay=&#8221;200&#8243; text_direction=&#8221;default&#8221;][\/split_line_heading][nectar_rotating_words_title heading_tag=&#8221;h1&#8243; dynamic_text=&#8221;Windrose, Wassersport, Center&#8221; duration=&#8221;2500&#8243; dynamic_heading_tag=&#8221;default&#8221; element_animation=&#8221;stagger_words&#8221; mobile_display=&#8221;inline&#8221; text_flow=&#8221;inline&#8221; element_animation_delay=&#8221;550&#8243; font_size=&#8221;10vh&#8221; text_direction=&#8221;default&#8221;][\/vc_column_inner][\/vc_row_inner][vc_row_inner column_margin=&#8221;default&#8221; column_direction=&#8221;default&#8221; column_direction_tablet=&#8221;default&#8221; column_direction_phone=&#8221;default&#8221; text_align=&#8221;left&#8221; row_position=&#8221;default&#8221; row_position_tablet=&#8221;inherit&#8221; row_position_phone=&#8221;inherit&#8221; zindex=&#8221;20&#8243; overflow=&#8221;visible&#8221; pointer_events=&#8221;all&#8221;][vc_column_inner column_padding=&#8221;no-extra-padding&#8221; column_padding_tablet=&#8221;inherit&#8221; column_padding_phone=&#8221;inherit&#8221; column_padding_position=&#8221;all&#8221; column_element_direction_desktop=&#8221;default&#8221; column_element_spacing=&#8221;0px&#8221; desktop_text_alignment=&#8221;default&#8221; tablet_text_alignment=&#8221;default&#8221; phone_text_alignment=&#8221;default&#8221; background_color_opacity=&#8221;1&#8243; background_hover_color_opacity=&#8221;1&#8243; column_backdrop_filter=&#8221;none&#8221; font_color=&#8221;#ffffff&#8221; column_shadow=&#8221;none&#8221; column_border_radius=&#8221;none&#8221; column_link_target=&#8221;_self&#8221; overflow=&#8221;visible&#8221; gradient_direction=&#8221;left_to_right&#8221; overlay_strength=&#8221;0.3&#8243; width=&#8221;1\/1&#8243; tablet_width_inherit=&#8221;default&#8221; animation_type=&#8221;default&#8221; enable_animation=&#8221;true&#8221; animation=&#8221;fade-in-from-bottom&#8221; animation_easing=&#8221;default&#8221; bg_image_animation=&#8221;none&#8221; border_type=&#8221;simple&#8221; column_border_width=&#8221;none&#8221; column_border_style=&#8221;solid&#8221; delay=&#8221;650&#8243;][nectar_cta btn_style=&#8221;underline&#8221; heading_tag=&#8221;span&#8221; button_color=&#8221;default&#8221; text_color=&#8221;#ffffff&#8221; button_border_thickness=&#8221;0px&#8221; link_type=&#8221;regular&#8221; alignment=&#8221;left&#8221; alignment_tablet=&#8221;default&#8221; alignment_phone=&#8221;default&#8221; constrain_group_3=&#8221;yes&#8221; display=&#8221;block&#8221; display_tablet=&#8221;inherit&#8221; display_phone=&#8221;inherit&#8221; icon_family=&#8221;none&#8221; link_text=&#8221;Reservierung&#8221; margin_top=&#8221;30&#8243; padding_top=&#8221;18&#8243; padding_bottom=&#8221;18&#8243; margin_bottom=&#8221;20&#8243; url=&#8221;https:\/\/windrose.surf\/de\/reservierung\/&#8221;][\/vc_column_inner][\/vc_row_inner][\/vc_column][\/vc_row][vc_row type=&#8221;full_width_content&#8221; full_screen_row_position=&#8221;middle&#8221; column_margin=&#8221;default&#8221; column_direction=&#8221;default&#8221; column_direction_tablet=&#8221;default&#8221; column_direction_phone=&#8221;default&#8221; scene_position=&#8221;center&#8221; top_padding=&#8221;12%&#8221; top_padding_tablet=&#8221;18%&#8221; text_color=&#8221;dark&#8221; text_align=&#8221;left&#8221; row_border_radius=&#8221;none&#8221; row_border_radius_applies=&#8221;bg&#8221; overflow=&#8221;visible&#8221; id=&#8221;testimonials&#8221; overlay_strength=&#8221;0.3&#8243; gradient_direction=&#8221;left_to_right&#8221; shape_divider_position=&#8221;bottom&#8221; bg_image_animation=&#8221;none&#8221; gradient_type=&#8221;default&#8221; shape_type=&#8221;&#8221;][vc_column column_padding=&#8221;no-extra-padding&#8221; column_padding_tablet=&#8221;inherit&#8221; column_padding_phone=&#8221;inherit&#8221; column_padding_position=&#8221;all&#8221; column_element_direction_desktop=&#8221;default&#8221; column_element_spacing=&#8221;0px&#8221; desktop_text_alignment=&#8221;default&#8221; tablet_text_alignment=&#8221;default&#8221; phone_text_alignment=&#8221;default&#8221; background_color_opacity=&#8221;1&#8243; background_hover_color_opacity=&#8221;1&#8243; column_backdrop_filter=&#8221;none&#8221; column_shadow=&#8221;none&#8221; column_border_radius=&#8221;none&#8221; column_link_target=&#8221;_self&#8221; column_position=&#8221;default&#8221; gradient_direction=&#8221;left_to_right&#8221; overlay_strength=&#8221;0.3&#8243; width=&#8221;1\/1&#8243; tablet_width_inherit=&#8221;default&#8221; animation_type=&#8221;default&#8221; bg_image_animation=&#8221;none&#8221; border_type=&#8221;simple&#8221; column_border_width=&#8221;none&#8221; column_border_style=&#8221;solid&#8221; column_padding_type=&#8221;default&#8221; gradient_type=&#8221;default&#8221;][vc_row_inner column_margin=&#8221;default&#8221; column_direction=&#8221;default&#8221; column_direction_tablet=&#8221;default&#8221; column_direction_phone=&#8221;default&#8221; bottom_padding=&#8221;5%&#8221; left_padding_desktop=&#8221;25vw&#8221; constrain_group_2=&#8221;yes&#8221; right_padding_desktop=&#8221;25vw&#8221; left_padding_phone=&#8221;20vw&#8221; constrain_group_6=&#8221;yes&#8221; right_padding_phone=&#8221;20vw&#8221; text_align=&#8221;left&#8221; row_position=&#8221;default&#8221; row_position_tablet=&#8221;inherit&#8221; row_position_phone=&#8221;inherit&#8221; overflow=&#8221;visible&#8221; pointer_events=&#8221;all&#8221;][vc_column_inner column_padding=&#8221;no-extra-padding&#8221; column_padding_tablet=&#8221;inherit&#8221; column_padding_phone=&#8221;inherit&#8221; column_padding_position=&#8221;all&#8221; column_element_direction_desktop=&#8221;default&#8221; column_element_spacing=&#8221;default&#8221; centered_text=&#8221;true&#8221; desktop_text_alignment=&#8221;default&#8221; tablet_text_alignment=&#8221;default&#8221; phone_text_alignment=&#8221;default&#8221; background_color_opacity=&#8221;1&#8243; background_hover_color_opacity=&#8221;1&#8243; column_backdrop_filter=&#8221;none&#8221; column_shadow=&#8221;none&#8221; column_border_radius=&#8221;none&#8221; column_link_target=&#8221;_self&#8221; overflow=&#8221;visible&#8221; gradient_direction=&#8221;left_to_right&#8221; overlay_strength=&#8221;0.3&#8243; width=&#8221;1\/1&#8243; tablet_width_inherit=&#8221;default&#8221; animation_type=&#8221;default&#8221; bg_image_animation=&#8221;none&#8221; border_type=&#8221;simple&#8221; column_border_width=&#8221;none&#8221; column_border_style=&#8221;solid&#8221; column_padding_type=&#8221;default&#8221; gradient_type=&#8221;default&#8221;][nectar_text_inline_images media_type=&#8221;images&#8221; images=&#8221;1890,1833,10506&#8243; image_size=&#8221;large&#8221; image_effect=&#8221;circle_fade_in&#8221; image_effect_stagger=&#8221;yes&#8221; media_roundness=&#8221;0px&#8221; right_margin_desktop=&#8221;-6%&#8221; image_loading=&#8221;default&#8221; line_reveal_by_space_text_effect=&#8221;&#8221; content_alignment=&#8221;&#8221; font_style=&#8221;h1&#8243; font_size=&#8221;3vw&#8221; font_line_height=&#8221;1.4&#8243; font_size_desktop=&#8221;4vw&#8221; font_size_tablet=&#8221;4vw&#8221; max_width=&#8221;&#8221; font_size_phone=&#8221;5vw&#8221; text_direction=&#8221;default&#8221;]\n<h2>Mehr als 2.000 Abenteurer vertrauen uns***<\/h2>\n[\/nectar_text_inline_images][\/vc_column_inner][\/vc_row_inner][vc_row_inner column_margin=&#8221;default&#8221; column_direction=&#8221;default&#8221; column_direction_tablet=&#8221;default&#8221; column_direction_phone=&#8221;default&#8221; bottom_padding=&#8221;5%&#8221; left_padding_desktop=&#8221;25vw&#8221; constrain_group_2=&#8221;yes&#8221; right_padding_desktop=&#8221;25vw&#8221; left_padding_phone=&#8221;20vw&#8221; constrain_group_6=&#8221;yes&#8221; right_padding_phone=&#8221;20vw&#8221; text_align=&#8221;left&#8221; row_position=&#8221;default&#8221; row_position_tablet=&#8221;inherit&#8221; row_position_phone=&#8221;inherit&#8221; overflow=&#8221;visible&#8221; pointer_events=&#8221;all&#8221;][vc_column_inner column_padding=&#8221;no-extra-padding&#8221; column_padding_tablet=&#8221;inherit&#8221; column_padding_phone=&#8221;inherit&#8221; column_padding_position=&#8221;all&#8221; column_element_direction_desktop=&#8221;default&#8221; column_element_spacing=&#8221;default&#8221; centered_text=&#8221;true&#8221; desktop_text_alignment=&#8221;default&#8221; tablet_text_alignment=&#8221;default&#8221; phone_text_alignment=&#8221;default&#8221; background_color_opacity=&#8221;1&#8243; background_hover_color_opacity=&#8221;1&#8243; column_backdrop_filter=&#8221;none&#8221; column_shadow=&#8221;none&#8221; column_border_radius=&#8221;none&#8221; column_link_target=&#8221;_self&#8221; overflow=&#8221;visible&#8221; gradient_direction=&#8221;left_to_right&#8221; overlay_strength=&#8221;0.3&#8243; width=&#8221;1\/1&#8243; tablet_width_inherit=&#8221;default&#8221; animation_type=&#8221;default&#8221; bg_image_animation=&#8221;none&#8221; border_type=&#8221;simple&#8221; column_border_width=&#8221;none&#8221; column_border_style=&#8221;solid&#8221; column_padding_type=&#8221;default&#8221; gradient_type=&#8221;default&#8221;][vc_column_text css=&#8221;&#8221; text_direction=&#8221;default&#8221;]Wir sind \u00fcbergl\u00fccklich, die Gelegenheit zu haben, mit Menschen zusammenzuarbeiten, die etwas Neues lernen wollen. Wir tun unser Bestes, um Ihnen ein angenehmes Erlebnis auf dem Wasser und an Land zu bieten. Wir wissen das sehr zu sch\u00e4tzen und die netten Worte unserer G\u00e4ste bedeuten uns sehr viel.[\/vc_column_text][\/vc_column_inner][\/vc_row_inner][\/vc_column][\/vc_row][vc_row type=&#8221;full_width_content&#8221; full_screen_row_position=&#8221;middle&#8221; column_margin=&#8221;default&#8221; column_direction=&#8221;default&#8221; column_direction_tablet=&#8221;default&#8221; column_direction_phone=&#8221;default&#8221; scene_position=&#8221;center&#8221; bottom_padding=&#8221;4%&#8221; bottom_padding_tablet=&#8221;8%&#8221; text_color=&#8221;dark&#8221; text_align=&#8221;left&#8221; row_border_radius=&#8221;none&#8221; row_border_radius_applies=&#8221;bg&#8221; overflow=&#8221;visible&#8221; overlay_strength=&#8221;0.3&#8243; gradient_direction=&#8221;left_to_right&#8221; shape_divider_position=&#8221;bottom&#8221; bg_image_animation=&#8221;none&#8221; gradient_type=&#8221;default&#8221; shape_type=&#8221;&#8221;][vc_column column_padding=&#8221;no-extra-padding&#8221; column_padding_tablet=&#8221;inherit&#8221; column_padding_phone=&#8221;inherit&#8221; column_padding_position=&#8221;all&#8221; column_element_direction_desktop=&#8221;default&#8221; column_element_spacing=&#8221;0px&#8221; desktop_text_alignment=&#8221;default&#8221; tablet_text_alignment=&#8221;default&#8221; phone_text_alignment=&#8221;default&#8221; background_color_opacity=&#8221;1&#8243; background_hover_color_opacity=&#8221;1&#8243; column_backdrop_filter=&#8221;none&#8221; column_shadow=&#8221;none&#8221; column_border_radius=&#8221;none&#8221; column_link_target=&#8221;_self&#8221; column_position=&#8221;default&#8221; gradient_direction=&#8221;left_to_right&#8221; overlay_strength=&#8221;0.3&#8243; width=&#8221;1\/1&#8243; tablet_width_inherit=&#8221;default&#8221; animation_type=&#8221;default&#8221; bg_image_animation=&#8221;none&#8221; border_type=&#8221;simple&#8221; column_border_width=&#8221;none&#8221; column_border_style=&#8221;solid&#8221; column_padding_type=&#8221;default&#8221; gradient_type=&#8221;default&#8221;][testimonial_slider style=&#8221;multiple_visible&#8221; color=&#8221;accent-color-dark&#8221; slider_controls=&#8221;next_prev_arrows&#8221; flickity_border_radius=&#8221;20px&#8221; enable_shadow=&#8221;true&#8221; custom_width_desktop=&#8221;40%&#8221; font_size_desktop=&#8221;1.3vw&#8221; font_line_height=&#8221;1.7&#8243; shadow=&#8221;horizontal:22,vertical:20,blur:60,spread:0,opacity:0.575&#8243; custom_box_shadow=&#8221;horizontal:40,vertical:60,blur:60,spread:-20,opacity:0.175&#8243; font_size_tablet=&#8221;16&#8243;][testimonial star_rating=&#8221;100%&#8221; title=&#8221;Testimonial&#8221; id=&#8221;1730280476966-4&#8243; name=&#8221;XSorando&#8221; subtitle=&#8221;Trip advisor&#8221; quote=&#8221;Hatte eine tolle Erfahrung mit dem gro\u00c3\u0178artigen Personal von Wind Rose Water Sports. Ich habe Windsurfen vor ungef\u00c3\u00a4hr 35 Jahren ausprobiert und dank der Geduld und Hingabe meiner Lehrer Martina und Goran war ich im Handumdrehen auf dem Brett und genoss das ruhige Segeln!<br \/>\nDar\u00c3\u00bcber hinaus ist der Ort wundersch\u00c3\u00b6n und ideal f\u00c3\u00bcr diese Art von Wassersport.<br \/>\nWenn Sie w\u00c3\u00a4hrend Ihres Aufenthalts in den Resorts Sibenik \/ Solaris \/ Amadria ein unvergessliches Erlebnis haben m\u00c3\u00b6chten, w\u00c3\u00bcrde ich diesen Ort auf jeden Fall empfehlen.&#8221; tab_id=&#8221;1730280476967-3&#8243;][testimonial star_rating=&#8221;100%&#8221; title=&#8221;Testimonial&#8221; id=&#8221;1730280476982-10&#8243; name=&#8221;Kim&#8221; subtitle=&#8221;Trip advisor&#8221; quote=&#8221;Danke f\u00c3\u00bcr den tollen Tag! Suppaddeln und Windsurfen! F\u00c3\u00bchlt sich an wie in den Tropen! Wundersch\u00c3\u00b6ner Strand und K\u00c3\u00bcste in der N\u00c3\u00a4he von Sibenik. Leicht zu finden. Freundliches Personal.&#8221; tab_id=&#8221;1730280476982-9&#8243;][testimonial star_rating=&#8221;100%&#8221; title=&#8221;Testimonial&#8221; id=&#8221;1730280477002-0&#8243; name=&#8221;Kansas&#8221; subtitle=&#8221;Trip advisor&#8221; quote=&#8221;Tolle Windsurfschule. Alle Lehrer sind erfahren, sympathisch und professionell. Der wunderbare Sinn f\u00c3\u00bcr Humor ist ein zus\u00c3\u00a4tzlicher Bonus. Guter Ort zum Lernen oder f\u00c3\u00bcr fortgeschrittene Kurse f\u00c3\u00bcr die ganze Familie.&#8221; tab_id=&#8221;1730280477002-9&#8243;][testimonial star_rating=&#8221;100%&#8221; title=&#8221;Testimonial&#8221; id=&#8221;1730280477022-6&#8243; name=&#8221;Inka&#8221; subtitle=&#8221;Trip advisor&#8221; quote=&#8221;Ich war drei Stunden lang f\u00c3\u00bcr Anf\u00c3\u00a4nger da \u00e2\u20ac\u201c zum ersten Mal an Bord \ud83d\ude42 Ich war gleich von der ersten Stunde beeindruckt, weil alles sehr gut erkl\u00c3\u00a4rt und gezeigt wurde und am Ende der ersten Stunde haben wir auf dem Wasser ge\u00c3\u00bcbt. Die anderen beiden Stunden waren auch ausgezeichnet, mit dem Lehrer, der uns geduldig Ratschl\u00c3\u00a4ge gab, was wir tun sollten, und ich habe es wirklich sehr genossen und wei\u00c3\u0178, dass ich beim n\u00c3\u00a4chsten Mal mehr lernen m\u00c3\u00b6chte \ud83d\ude42 Mir gefallen auch die Fotos, die ich bekommen habe \ud83d\ude42 Vielen Dank!!!&#8221; tab_id=&#8221;1730280477022-5&#8243;][testimonial star_rating=&#8221;100%&#8221; title=&#8221;Testimonial&#8221; id=&#8221;1730280477037-5&#8243; name=&#8221;Sebastien&#8221; subtitle=&#8221;Trip advisor&#8221; quote=&#8221;Ich, meine Frau und meine drei T\u00c3\u00b6chter profitieren von einer kostenlosen Unterrichtsstunde, um die Grundlagen des Windsurfens zu erlernen. Heute bietet uns das Team ein Paket f\u00c3\u00bcr meine ganze Familie an. Meine beiden jungen T\u00c3\u00b6chter und meine Frau profitieren von 2 Stunden Paddeln (SUP). Ich und meine \u00c3\u00a4lteste Tochter Vicky (14 Jahre alt) lernen mit Martina, \u00c3\u00bcber das Wasser zu fliegen. Eine wunderbare Erfahrung. Freundlich, professionell, lustig, alle Bedingungen sind perfekt, sowohl das Wetter als auch das Meer. Sie k\u00c3\u00b6nnen mit geschlossenen Augen gehen!&#8221; tab_id=&#8221;1730280477038-0&#8243;][testimonial star_rating=&#8221;100%&#8221; title=&#8221;Testimonial&#8221; id=&#8221;1730280477052-10&#8243; name=&#8221;Solo&#8221; subtitle=&#8221;Trip advisor&#8221; quote=&#8221;Wenn Sie Windsurfen lernen oder Ihre F\u00c3\u00a4higkeiten verbessern m\u00c3\u00b6chten, sind Sie hier richtig. Goran, Martina und Marcus machen Ihnen die ersten Schritte leicht und arbeiten an der Verbesserung Ihrer F\u00c3\u00a4higkeiten. Es ist erstaunlich, wie sie Ihr Interesse wecken und Sie zu einem echten Fan des Sports machen k\u00c3\u00b6nnen. Sehr empfehlenswert.&#8221; tab_id=&#8221;1730280477053-8&#8243;][testimonial star_rating=&#8221;100%&#8221; title=&#8221;Testimonial&#8221; id=&#8221;1730280477073-4&#8243; name=&#8221;Sasa P&#8221; subtitle=&#8221;Trip advisor&#8221; quote=&#8221;Meine Frau und ich hatten eine tolle Zeit beim Surfkurs. Wir sind Anf\u00c3\u00a4nger und der dreist\u00c3\u00bcndige Kurs hat es uns erm\u00c3\u00b6glicht, selbstst\u00c3\u00a4ndig auf dem Surfbrett zu fahren und uns zu drehen, ohne ins Wasser zu fallen. Die Lehrer sind freundlich, lustig und verstehen ihr Handwerk. Ich kann einen Besuch nur w\u00c3\u00a4rmstens empfehlen!&#8221; tab_id=&#8221;1730280477074-6&#8243;][\/testimonial_slider][\/vc_column][\/vc_row]\n","protected":false},"excerpt":{"rendered":"<p>[vc_row type=&#8221;full_width_background&#8221; full_screen_row_position=&#8221;middle&#8221; column_margin=&#8221;none&#8221; column_direction=&#8221;default&#8221; column_direction_tablet=&#8221;default&#8221; column_direction_phone=&#8221;default&#8221; bg_color=&#8221;#9fc5d0&#8243; bg_image=&#8221;1991&#8243; bg_position=&#8221;center center&#8221; background_image_loading=&#8221;skip-lazy-load&#8221; bg_repeat=&#8221;no-repeat&#8221; scene_position=&#8221;center&#8221; top_padding=&#8221;19%&#8221; bottom_padding=&#8221;13%&#8221; top_padding_tablet=&#8221;30%&#8221; constrain_group_3=&#8221;yes&#8221; bottom_padding_tablet=&#8221;30%&#8221; top_padding_phone=&#8221;40%&#8221; constrain_group_5=&#8221;yes&#8221; bottom_padding_phone=&#8221;40%&#8221; text_color=&#8221;custom&#8221; text_align=&#8221;left&#8221; row_border_radius=&#8221;none&#8221; row_border_radius_applies=&#8221;bg&#8221; overflow=&#8221;visible&#8221; enable_gradient=&#8221;true&#8221; overlay_strength=&#8221;0.3&#8243; gradient_direction=&#8221;radial&#8221;&#8230;<\/p>\n","protected":false},"author":13,"featured_media":0,"parent":0,"menu_order":0,"comment_status":"closed","ping_status":"closed","template":"","meta":{"_monsterinsights_skip_tracking":false,"_monsterinsights_sitenote_active":false,"_monsterinsights_sitenote_note":"","_monsterinsights_sitenote_category":0,"footnotes":"","_links_to":"","_links_to_target":""},"class_list":["post-10358","page","type-page","status-publish"],"_links":{"self":[{"href":"https:\/\/windrose.surf\/de\/wp-json\/wp\/v2\/pages\/10358","targetHints":{"allow":["GET"]}}],"collection":[{"href":"https:\/\/windrose.surf\/de\/wp-json\/wp\/v2\/pages"}],"about":[{"href":"https:\/\/windrose.surf\/de\/wp-json\/wp\/v2\/types\/page"}],"author":[{"embeddable":true,"href":"https:\/\/windrose.surf\/de\/wp-json\/wp\/v2\/users\/13"}],"replies":[{"embeddable":true,"href":"https:\/\/windrose.surf\/de\/wp-json\/wp\/v2\/comments?post=10358"}],"version-history":[{"count":17,"href":"https:\/\/windrose.surf\/de\/wp-json\/wp\/v2\/pages\/10358\/revisions"}],"predecessor-version":[{"id":10970,"href":"https:\/\/windrose.surf\/de\/wp-json\/wp\/v2\/pages\/10358\/revisions\/10970"}],"wp:attachment":[{"href":"https:\/\/windrose.surf\/de\/wp-json\/wp\/v2\/media?parent=10358"}],"curies":[{"name":"wp","href":"https:\/\/api.w.org\/{rel}","templated":true}]}}